{"id":15,"date":"2025-11-28T10:29:06","date_gmt":"2025-11-28T10:29:06","guid":{"rendered":"https:\/\/3dexotics.hu\/?page_id=15"},"modified":"2025-12-02T13:02:16","modified_gmt":"2025-12-02T13:02:16","slug":"kosar","status":"publish","type":"page","link":"https:\/\/3dexotics.hu\/?page_id=15","title":{"rendered":"Kos\u00e1r"},"content":{"rendered":"<p>[et_pb_section fb_built=&#8221;1&#8243; admin_label=&#8221;Hero&#8221; _builder_version=&#8221;4.25.0&#8243; _module_preset=&#8221;default&#8221; background_color=&#8221;#ddf221&#8243; use_background_color_gradient=&#8221;on&#8221; background_color_gradient_stops=&#8221;rgba(0,0,0,0.29) 0%|rgba(255,255,255,0) 100%&#8221; background_color_gradient_overlays_image=&#8221;on&#8221; background_color_gradient_start=&#8221;rgba(0,0,0,0.5)&#8221; background_color_gradient_end=&#8221;rgba(0,0,0,0.75)&#8221; background_enable_image=&#8221;off&#8221; background_enable_mask_style=&#8221;on&#8221; background_mask_style=&#8221;caret&#8221; custom_padding=&#8221;14vw||14vw||true|false&#8221; locked=&#8221;off&#8221; collapsed=&#8221;on&#8221; global_colors_info=&#8221;{%22#ddf221%22:%91%22background_color%22%93}&#8221;][et_pb_row _builder_version=&#8221;4.27.4&#8243; _module_preset=&#8221;default&#8221; global_colors_info=&#8221;{}&#8221;][et_pb_column type=&#8221;4_4&#8243; _builder_version=&#8221;4.27.4&#8243; _module_preset=&#8221;default&#8221; global_colors_info=&#8221;{}&#8221;][et_pb_text _builder_version=&#8221;4.27.4&#8243; _module_preset=&#8221;default&#8221; hover_enabled=&#8221;0&#8243; global_colors_info=&#8221;{}&#8221; text_font=&#8221;|800|||||||&#8221; text_text_color=&#8221;#000000&#8243; custom_css_free_form=&#8221;a {||    color: #ddf221 !important; ||    font-weight: 900 !important;||}&#8221; sticky_enabled=&#8221;0&#8243;]<\/p>\n<p style=\"text-align: left;\"><div class=\"woocommerce\"><div class=\"woocommerce-notices-wrapper\"><\/div><div class=\"wc-empty-cart-message\">\n\t<div class=\"wc-block-components-notice-banner is-info\" role=\"status\">\n\t\t<svg xmlns=\"http:\/\/www.w3.org\/2000\/svg\" viewBox=\"0 0 24 24\" width=\"24\" height=\"24\" aria-hidden=\"true\" focusable=\"false\">\n\t\t\t<path d=\"M12 3.2c-4.8 0-8.8 3.9-8.8 8.8 0 4.8 3.9 8.8 8.8 8.8 4.8 0 8.8-3.9 8.8-8.8 0-4.8-4-8.8-8.8-8.8zm0 16c-4 0-7.2-3.3-7.2-7.2C4.8 8 8 4.8 12 4.8s7.2 3.3 7.2 7.2c0 4-3.2 7.2-7.2 7.2zM11 17h2v-6h-2v6zm0-8h2V7h-2v2z\"><\/path>\n\t\t<\/svg>\n\t\t<div class=\"wc-block-components-notice-banner__content\">\n\t\t\tJelenleg \u00fcres a bev\u00e1s\u00e1rl\u00f3kos\u00e1r.\t\t<\/div>\n\t<\/div>\n<\/div>\t<p class=\"return-to-shop\">\n\t\t<a class=\"button wc-backward wp-element-button\" href=\"https:\/\/3dexotics.hu\/?page_id=14\">\n\t\t\tV\u00e1s\u00e1rl\u00e1s folytat\u00e1sa\t\t<\/a>\n\t<\/p>\n<\/div><\/p>\n<p>[\/et_pb_text][\/et_pb_column][\/et_pb_row][\/et_pb_section]<\/p>\n","protected":false},"excerpt":{"rendered":"<p>Jelenleg \u00fcres a bev\u00e1s\u00e1rl\u00f3kos\u00e1r. V\u00e1s\u00e1rl\u00e1s&#8230;<\/p>\n","protected":false},"author":1,"featured_media":0,"parent":0,"menu_order":0,"comment_status":"closed","ping_status":"closed","template":"","meta":{"_et_pb_use_builder":"on","_et_pb_old_content":"<!-- wp:woocommerce\/cart -->\n<div class=\"wp-block-woocommerce-cart alignwide is-loading\"><!-- wp:woocommerce\/filled-cart-block -->\n<div class=\"wp-block-woocommerce-filled-cart-block\"><!-- wp:woocommerce\/cart-items-block -->\n<div class=\"wp-block-woocommerce-cart-items-block\"><!-- wp:woocommerce\/cart-line-items-block -->\n<div class=\"wp-block-woocommerce-cart-line-items-block\"><\/div>\n<!-- \/wp:woocommerce\/cart-line-items-block -->\n\n<!-- wp:woocommerce\/product-collection {\"queryId\":0,\"query\":{\"perPage\":3,\"pages\":1,\"offset\":0,\"postType\":\"product\",\"order\":\"asc\",\"orderBy\":\"title\",\"search\":\"\",\"exclude\":[],\"inherit\":false,\"taxQuery\":{},\"isProductCollectionBlock\":true,\"featured\":false,\"woocommerceOnSale\":false,\"woocommerceStockStatus\":[\"instock\",\"outofstock\",\"onbackorder\"],\"woocommerceAttributes\":[],\"woocommerceHandPickedProducts\":[],\"filterable\":false,\"relatedBy\":{\"categories\":true,\"tags\":true}},\"tagName\":\"div\",\"displayLayout\":{\"type\":\"flex\",\"columns\":3,\"shrinkColumns\":true},\"dimensions\":{\"widthType\":\"fill\"},\"collection\":\"woocommerce\/product-collection\/cross-sells\",\"hideControls\":[\"filterable\"],\"queryContextIncludes\":[\"collection\"],\"__privatePreviewState\":{\"isPreview\":true,\"previewMessage\":\"Actual products will vary depending on the page being viewed.\"}} -->\n<div class=\"wp-block-woocommerce-product-collection\"><!-- wp:heading {\"textAlign\":\"left\",\"style\":{\"spacing\":{\"margin\":{\"bottom\":\"1rem\"}}}} -->\n<h2 class=\"wp-block-heading has-text-align-left\" style=\"margin-bottom:1rem\">\u00c9rdekelhet m\u00e9g&hellip;<\/h2>\n\n<!-- \/wp:heading -->\n\n<!-- wp:woocommerce\/product-template -->\n<!-- wp:woocommerce\/product-image {\"showSaleBadge\":false,\"imageSizing\":\"thumbnail\",\"isDescendentOfQueryLoop\":true} -->\n<!-- wp:woocommerce\/product-sale-badge {\"align\":\"right\"} \/-->\n<!-- \/wp:woocommerce\/product-image -->\n\n<!-- wp:post-title {\"textAlign\":\"center\",\"isLink\":true,\"style\":{\"spacing\":{\"margin\":{\"bottom\":\"0.75rem\",\"top\":\"0\"}},\"typography\":{\"lineHeight\":\"1.4\"}},\"fontSize\":\"medium\",\"__woocommerceNamespace\":\"woocommerce\/product-collection\/product-title\"} \/-->\n\n<!-- wp:woocommerce\/product-price {\"isDescendentOfQueryLoop\":true,\"textAlign\":\"center\",\"fontSize\":\"small\"} \/-->\n\n<!-- wp:woocommerce\/product-button {\"textAlign\":\"center\",\"isDescendentOfQueryLoop\":true,\"fontSize\":\"small\"} \/-->\n<!-- \/wp:woocommerce\/product-template --><\/div>\n<!-- \/wp:woocommerce\/product-collection --><\/div>\n\n<!-- \/wp:woocommerce\/cart-items-block -->\n\n<!-- wp:woocommerce\/cart-totals-block -->\n<div class=\"wp-block-woocommerce-cart-totals-block\"><!-- wp:woocommerce\/cart-order-summary-block -->\n<div class=\"wp-block-woocommerce-cart-order-summary-block\"><!-- wp:woocommerce\/cart-order-summary-heading-block -->\n<div class=\"wp-block-woocommerce-cart-order-summary-heading-block\"><\/div>\n<!-- \/wp:woocommerce\/cart-order-summary-heading-block -->\n\n<!-- wp:woocommerce\/cart-order-summary-coupon-form-block -->\n<div class=\"wp-block-woocommerce-cart-order-summary-coupon-form-block\"><\/div>\n<!-- \/wp:woocommerce\/cart-order-summary-coupon-form-block -->\n\n<!-- wp:woocommerce\/cart-order-summary-subtotal-block -->\n<div class=\"wp-block-woocommerce-cart-order-summary-subtotal-block\"><\/div>\n<!-- \/wp:woocommerce\/cart-order-summary-subtotal-block -->\n\n<!-- wp:woocommerce\/cart-order-summary-fee-block -->\n<div class=\"wp-block-woocommerce-cart-order-summary-fee-block\"><\/div>\n<!-- \/wp:woocommerce\/cart-order-summary-fee-block -->\n\n<!-- wp:woocommerce\/cart-order-summary-discount-block -->\n<div class=\"wp-block-woocommerce-cart-order-summary-discount-block\"><\/div>\n<!-- \/wp:woocommerce\/cart-order-summary-discount-block -->\n\n<!-- wp:woocommerce\/cart-order-summary-shipping-block -->\n<div class=\"wp-block-woocommerce-cart-order-summary-shipping-block\"><\/div>\n<!-- \/wp:woocommerce\/cart-order-summary-shipping-block -->\n\n<!-- wp:woocommerce\/cart-order-summary-taxes-block -->\n<div class=\"wp-block-woocommerce-cart-order-summary-taxes-block\"><\/div>\n<!-- \/wp:woocommerce\/cart-order-summary-taxes-block --><\/div>\n<!-- \/wp:woocommerce\/cart-order-summary-block -->\n\n<!-- wp:woocommerce\/cart-express-payment-block -->\n<div class=\"wp-block-woocommerce-cart-express-payment-block\"><\/div>\n<!-- \/wp:woocommerce\/cart-express-payment-block -->\n\n<!-- wp:woocommerce\/proceed-to-checkout-block -->\n<div class=\"wp-block-woocommerce-proceed-to-checkout-block\"><\/div>\n<!-- \/wp:woocommerce\/proceed-to-checkout-block -->\n\n<!-- wp:woocommerce\/cart-accepted-payment-methods-block -->\n<div class=\"wp-block-woocommerce-cart-accepted-payment-methods-block\"><\/div>\n<!-- \/wp:woocommerce\/cart-accepted-payment-methods-block --><\/div>\n<!-- \/wp:woocommerce\/cart-totals-block --><\/div>\n<!-- \/wp:woocommerce\/filled-cart-block -->\n\n<!-- wp:woocommerce\/empty-cart-block -->\n<div class=\"wp-block-woocommerce-empty-cart-block\"><!-- wp:heading {\"textAlign\":\"center\",\"className\":\"with-empty-cart-icon wc-block-cart__empty-cart__title\"} -->\n<h2 class=\"wp-block-heading has-text-align-center with-empty-cart-icon wc-block-cart__empty-cart__title\">Jelenleg \u00fcres a kosarad.<\/h2>\n<!-- \/wp:heading -->\n\n<!-- wp:separator {\"className\":\"is-style-dots\"} -->\n<hr class=\"wp-block-separator has-alpha-channel-opacity is-style-dots\"\/>\n<!-- \/wp:separator -->\n\n<!-- wp:heading {\"textAlign\":\"center\"} -->\n<h2 class=\"wp-block-heading has-text-align-center\">\u00dajdons\u00e1gok<\/h2>\n<!-- \/wp:heading -->\n\n<!-- wp:woocommerce\/product-new {\"columns\":4,\"rows\":1} \/--><\/div>\n<!-- \/wp:woocommerce\/empty-cart-block --><\/div>\n<!-- \/wp:woocommerce\/cart -->","_et_gb_content_width":"","footnotes":""},"class_list":["post-15","page","type-page","status-publish","hentry"],"jetpack_sharing_enabled":true,"_links":{"self":[{"href":"https:\/\/3dexotics.hu\/index.php?rest_route=\/wp\/v2\/pages\/15","targetHints":{"allow":["GET"]}}],"collection":[{"href":"https:\/\/3dexotics.hu\/index.php?rest_route=\/wp\/v2\/pages"}],"about":[{"href":"https:\/\/3dexotics.hu\/index.php?rest_route=\/wp\/v2\/types\/page"}],"author":[{"embeddable":true,"href":"https:\/\/3dexotics.hu\/index.php?rest_route=\/wp\/v2\/users\/1"}],"replies":[{"embeddable":true,"href":"https:\/\/3dexotics.hu\/index.php?rest_route=%2Fwp%2Fv2%2Fcomments&post=15"}],"version-history":[{"count":4,"href":"https:\/\/3dexotics.hu\/index.php?rest_route=\/wp\/v2\/pages\/15\/revisions"}],"predecessor-version":[{"id":262,"href":"https:\/\/3dexotics.hu\/index.php?rest_route=\/wp\/v2\/pages\/15\/revisions\/262"}],"wp:attachment":[{"href":"https:\/\/3dexotics.hu\/index.php?rest_route=%2Fwp%2Fv2%2Fmedia&parent=15"}],"curies":[{"name":"wp","href":"https:\/\/api.w.org\/{rel}","templated":true}]}}