{"id":367,"date":"2026-03-12T13:15:43","date_gmt":"2026-03-12T13:15:43","guid":{"rendered":"https:\/\/3dexotics.hu\/?post_type=product&#038;p=367"},"modified":"2026-03-12T13:16:18","modified_gmt":"2026-03-12T13:16:18","slug":"terrarium-csuszoajto-ek2","status":"publish","type":"product","link":"https:\/\/3dexotics.hu\/?product=terrarium-csuszoajto-ek2","title":{"rendered":"Terr\u00e1rium cs\u00fasz\u00f3ajt\u00f3 \u00e9k2"},"content":{"rendered":"<p>-Egyedi m\u00e9retben is elk\u00e9sz\u00edthet\u0151<\/p>\n<p>-Nem hagyja az \u00e1llatnak elcs\u00fasztatni az ajt\u00f3t<\/p>\n<p>-Vari\u00e1lhat\u00f3 sz\u00ednekben<\/p>\n<p>-Rugalmas anyag<\/p>\n<p>-M\u00e9rete: 4 cm x 1 cm x 1 cm<\/p>\n","protected":false},"excerpt":{"rendered":"<p>-Egyedi m\u00e9retben is elk\u00e9sz\u00edthet\u0151 -Nem hagyja az \u00e1llatnak elcs\u00fasztatni az ajt\u00f3t -Vari\u00e1lhat\u00f3 sz\u00ednekben -Rugalmas anyag -M\u00e9rete: 4 cm x 1 cm x 1 cm<\/p>\n","protected":false},"featured_media":304,"comment_status":"open","ping_status":"closed","template":"","meta":{"_et_pb_use_builder":"","_et_pb_old_content":"","_et_gb_content_width":""},"product_brand":[],"product_cat":[16],"product_tag":[],"class_list":{"0":"post-367","1":"product","2":"type-product","3":"status-publish","4":"has-post-thumbnail","6":"product_cat-egyeb","8":"first","9":"instock","10":"sale","11":"shipping-taxable","12":"purchasable","13":"product-type-simple"},"jetpack_sharing_enabled":true,"_links":{"self":[{"href":"https:\/\/3dexotics.hu\/index.php?rest_route=\/wp\/v2\/product\/367","targetHints":{"allow":["GET"]}}],"collection":[{"href":"https:\/\/3dexotics.hu\/index.php?rest_route=\/wp\/v2\/product"}],"about":[{"href":"https:\/\/3dexotics.hu\/index.php?rest_route=\/wp\/v2\/types\/product"}],"replies":[{"embeddable":true,"href":"https:\/\/3dexotics.hu\/index.php?rest_route=%2Fwp%2Fv2%2Fcomments&post=367"}],"wp:featuredmedia":[{"embeddable":true,"href":"https:\/\/3dexotics.hu\/index.php?rest_route=\/wp\/v2\/media\/304"}],"wp:attachment":[{"href":"https:\/\/3dexotics.hu\/index.php?rest_route=%2Fwp%2Fv2%2Fmedia&parent=367"}],"wp:term":[{"taxonomy":"product_brand","embeddable":true,"href":"https:\/\/3dexotics.hu\/index.php?rest_route=%2Fwp%2Fv2%2Fproduct_brand&post=367"},{"taxonomy":"product_cat","embeddable":true,"href":"https:\/\/3dexotics.hu\/index.php?rest_route=%2Fwp%2Fv2%2Fproduct_cat&post=367"},{"taxonomy":"product_tag","embeddable":true,"href":"https:\/\/3dexotics.hu\/index.php?rest_route=%2Fwp%2Fv2%2Fproduct_tag&post=367"}],"curies":[{"name":"wp","href":"https:\/\/api.w.org\/{rel}","templated":true}]}}